{"id":1067,"date":"2025-05-20T15:05:45","date_gmt":"2025-05-20T15:05:45","guid":{"rendered":"https:\/\/mais5minutinhos.com.br\/?page_id=1067"},"modified":"2025-05-21T19:19:55","modified_gmt":"2025-05-21T19:19:55","slug":"landing-page","status":"publish","type":"page","link":"https:\/\/mais5minutinhos.com.br\/","title":{"rendered":"Landing page"},"content":{"rendered":"\t\t<div data-elementor-type=\"wp-page\" data-elementor-id=\"1067\" class=\"elementor elementor-1067\">\n\t\t\t\t<div class=\"elementor-element elementor-element-9c5e9e7 e-flex e-con-boxed wpr-particle-no wpr-jarallax-no wpr-parallax-no wpr-sticky-section-no wpr-equal-height-no e-con e-parent\" data-id=\"9c5e9e7\" data-element_type=\"container\" data-e-type=\"container\" data-settings=\"{&quot;background_background&quot;:&quot;classic&quot;}\">\n\t\t\t\t\t<div class=\"e-con-inner\">\n\t\t\t\t<div class=\"elementor-element elementor-element-35fa4e4 elementor-widget__width-initial elementor-widget elementor-widget-image\" data-id=\"35fa4e4\" data-element_type=\"widget\" data-e-type=\"widget\" data-widget_type=\"image.default\">\n\t\t\t\t<div class=\"elementor-widget-container\">\n\t\t\t\t\t\t\t\t\t\t\t\t\t\t\t<img fetchpriority=\"high\" decoding=\"async\" width=\"960\" height=\"947\" src=\"https:\/\/mais5minutinhos.com.br\/wp-content\/uploads\/2025\/05\/Design-sem-nome-1024x1010.png\" class=\"attachment-large size-large wp-image-1337\" alt=\"\" srcset=\"https:\/\/mais5minutinhos.com.br\/wp-content\/uploads\/2025\/05\/Design-sem-nome-1024x1010.png 1024w, https:\/\/mais5minutinhos.com.br\/wp-content\/uploads\/2025\/05\/Design-sem-nome-300x296.png 300w, https:\/\/mais5minutinhos.com.br\/wp-content\/uploads\/2025\/05\/Design-sem-nome-768x757.png 768w, https:\/\/mais5minutinhos.com.br\/wp-content\/uploads\/2025\/05\/Design-sem-nome-1536x1515.png 1536w, https:\/\/mais5minutinhos.com.br\/wp-content\/uploads\/2025\/05\/Design-sem-nome-600x592.png 600w, https:\/\/mais5minutinhos.com.br\/wp-content\/uploads\/2025\/05\/Design-sem-nome-100x100.png 100w, https:\/\/mais5minutinhos.com.br\/wp-content\/uploads\/2025\/05\/Design-sem-nome.png 1582w\" sizes=\"(max-width: 960px) 100vw, 960px\" \/>\t\t\t\t\t\t\t\t\t\t\t\t\t\t\t<\/div>\n\t\t\t\t<\/div>\n\t\t<div class=\"elementor-element elementor-element-d667617 e-con-full e-flex wpr-particle-no wpr-jarallax-no wpr-parallax-no wpr-sticky-section-no wpr-equal-height-no elementor-invisible e-con e-child\" data-id=\"d667617\" data-element_type=\"container\" data-e-type=\"container\" data-settings=\"{&quot;background_background&quot;:&quot;classic&quot;,&quot;animation&quot;:&quot;fadeInUp&quot;}\">\n\t\t\t\t<div class=\"elementor-element elementor-element-3e679dc elementor-widget elementor-widget-text-editor\" data-id=\"3e679dc\" data-element_type=\"widget\" data-e-type=\"widget\" data-widget_type=\"text-editor.default\">\n\t\t\t\t<div class=\"elementor-widget-container\">\n\t\t\t\t\t\t\t\t\t<p>Ol\u00e1!<\/p><p>Estamos anotando os pedidos de nossos clientes e juntando ideias para colocar em nosso novo site &#8211; que est\u00e1 sendo constru\u00eddo.<\/p><p>At\u00e9 l\u00e1, fale conosco pelos nossos canais de atendimento ou venha at\u00e9 n\u00f3s, usando o mapa.<\/p><p>Em breve, nossas del\u00edcias estar\u00e3o tamb\u00e9m online!<\/p>\t\t\t\t\t\t\t\t<\/div>\n\t\t\t\t<\/div>\n\t\t\t\t<\/div>\n\t\t\t\t\t<\/div>\n\t\t\t\t<\/div>\n\t\t\t\t<\/div>\n\t\t","protected":false},"excerpt":{"rendered":"<p>Ol\u00e1! Estamos anotando os pedidos de nossos clientes e juntando ideias para colocar em nosso novo site &#8211; que est\u00e1 sendo constru\u00eddo. At\u00e9 l\u00e1, fale conosco pelos nossos canais de atendimento ou venha at\u00e9 n\u00f3s, usando o mapa. Em breve, nossas del\u00edcias estar\u00e3o tamb\u00e9m online!<\/p>\n","protected":false},"author":1,"featured_media":0,"parent":0,"menu_order":0,"comment_status":"closed","ping_status":"closed","template":"elementor_canvas","meta":{"footnotes":""},"class_list":["post-1067","page","type-page","status-publish","hentry"],"_links":{"self":[{"href":"https:\/\/mais5minutinhos.com.br\/index.php?rest_route=\/wp\/v2\/pages\/1067","targetHints":{"allow":["GET"]}}],"collection":[{"href":"https:\/\/mais5minutinhos.com.br\/index.php?rest_route=\/wp\/v2\/pages"}],"about":[{"href":"https:\/\/mais5minutinhos.com.br\/index.php?rest_route=\/wp\/v2\/types\/page"}],"author":[{"embeddable":true,"href":"https:\/\/mais5minutinhos.com.br\/index.php?rest_route=\/wp\/v2\/users\/1"}],"replies":[{"embeddable":true,"href":"https:\/\/mais5minutinhos.com.br\/index.php?rest_route=%2Fwp%2Fv2%2Fcomments&post=1067"}],"version-history":[{"count":232,"href":"https:\/\/mais5minutinhos.com.br\/index.php?rest_route=\/wp\/v2\/pages\/1067\/revisions"}],"predecessor-version":[{"id":1418,"href":"https:\/\/mais5minutinhos.com.br\/index.php?rest_route=\/wp\/v2\/pages\/1067\/revisions\/1418"}],"wp:attachment":[{"href":"https:\/\/mais5minutinhos.com.br\/index.php?rest_route=%2Fwp%2Fv2%2Fmedia&parent=1067"}],"curies":[{"name":"wp","href":"https:\/\/api.w.org\/{rel}","templated":true}]}}